{"id":703,"date":"2023-11-11T20:03:48","date_gmt":"2023-11-11T20:03:48","guid":{"rendered":"https:\/\/www.mahanapoke.fr\/?page_id=703"},"modified":"2024-12-10T17:57:34","modified_gmt":"2024-12-10T17:57:34","slug":"cgv-cgu","status":"publish","type":"page","link":"https:\/\/www.mahanapoke.fr\/en\/cgv-cgu\/","title":{"rendered":"General Conditions of Use"},"content":{"rendered":"<div data-elementor-type=\"wp-page\" data-elementor-id=\"703\" class=\"elementor elementor-703\" data-elementor-post-type=\"page\">\n\t\t\t\t\t\t<section class=\"elementor-section elementor-top-section elementor-element elementor-element-bd137fc elementor-section-boxed elementor-section-height-default elementor-section-height-default\" data-id=\"bd137fc\" data-element_type=\"section\">\n\t\t\t\t\t\t<div class=\"elementor-container elementor-column-gap-default\">\n\t\t\t\t\t<div class=\"elementor-column elementor-col-100 elementor-top-column elementor-element elementor-element-8166d9a\" data-id=\"8166d9a\" data-element_type=\"column\">\n\t\t\t<div class=\"elementor-widget-wrap elementor-element-populated\">\n\t\t\t\t\t\t<div class=\"elementor-element elementor-element-7c1f4ea elementor-widget elementor-widget-text-editor\" data-id=\"7c1f4ea\" data-element_type=\"widget\" data-widget_type=\"text-editor.default\">\n\t\t\t\t<div class=\"elementor-widget-container\">\n\t\t\t\t\t\t\t\t\t<div><h1 align=\"center\">CONDITIONS G\u00c9N\u00c9RALES D&rsquo;UTILISATION<\/h1><\/div><div><h1 align=\"center\">\u00a0<\/h1><\/div><div><p class=\"Paragraphe\" align=\"center\">Effective 15\/10\/2022<\/p><\/div><div><p class=\"Paragraphe\" align=\"center\">\u00a0<\/p><\/div><div><p class=\"Paragraphe\">\u00a0<\/p><\/div><div><p class=\"Paragraphe\">Les pr\u00e9sentes conditions g\u00e9n\u00e9rales d&rsquo;utilisation (dites \u00ab <b>CGU<\/b> \u00bb) ont pour objet l&rsquo;encadrement juridique des modalit\u00e9s de mise \u00e0 disposition du site et des services par MAHANA POKE\u00a0 et de d\u00e9finir les conditions d\u2019acc\u00e8s et d\u2019utilisation des services par \u00ab <b>l&rsquo;Utilisateur<\/b> \u00bb.<\/p><\/div><div><p class=\"Paragraphe\">\u00a0<\/p><\/div><div><p class=\"Paragraphe\">These Terms and Conditions are available on the site under the heading \"<b>CGU<\/b>\u00bb.<\/p><\/div><div><h1>\u00a0<\/h1><\/div><div><h1>ARTICLE 1: LEGAL INFORMATION<\/h1><\/div><div><h1>\u00a0<\/h1><\/div><div><p class=\"Paragraphe\">L&rsquo;\u00e9dition du site https:\/\/www.mahanapoke.fr est assur\u00e9e par la Soci\u00e9t\u00e9 Soci\u00e9t\u00e9 par actions simplifi\u00e9e MAHANA POKE au capital de 200 euros, immatricul\u00e9e au RCS de BOURG-EN-BRESSE sous le num\u00e9ro 914938337, dont le si\u00e8ge social est situ\u00e9 au 8 Rue de Gex, 01630, Saint-Genis-Pouilly<\/p><\/div><div><p class=\"Paragraphe\">Telephone number 0640250402<\/p><\/div><div><p class=\"Paragraphe\">E-mail address: ohmypoke01@gmail.com.<\/p><\/div><div><p class=\"Paragraphe\">\u00a0<\/p><\/div><div><p class=\"Paragraphe\">L&rsquo;h\u00e9bergeur du site https:\/\/www.mahanapoke.fr est la soci\u00e9t\u00e9 O2SWITCH, dont le si\u00e8ge social est situ\u00e9 au <b>CHEMIN DES PARDIAUX, 63000 CLERMONT-FERRAND<\/b>. with telephone number : <a href=\"https:\/\/www.google.com\/search?client=safari&amp;rls=en&amp;q=O%C3%A9switch+siege+social&amp;ie=UTF-8&amp;oe=UTF-8#\" data-dtype=\"d3ph\" data-local-attribute=\"d3ph\" data-ved=\"2ahUKEwjC1pzM4ryCAxUL3AIHHZnkBzUQkAgoAHoECEUQAw\"><span aria-label=\"Call 04 44 44 60 40\">04 44 44 60 40<\/span><\/a>.<\/p><\/div><div><h1>\u00a0<\/h1><\/div><div><h1>ARTICLE 2: ACCESS TO THE SITE<\/h1><\/div><div><h1>\u00a0<\/h1><\/div><div><p class=\"Paragraphe\">Le site https:\/\/www.mahanapoke.fr\u00a0 permet \u00e0 l&rsquo;Utilisateur un acc\u00e8s gratuit aux services suivants :<\/p><\/div><div><p class=\"Paragraphe\">The website offers the following services:<\/p><\/div><div><p class=\"Paragraphe\">Click &amp; Collect<\/p><\/div><div><p class=\"Paragraphe\">Le site est accessible gratuitement en tout lieu \u00e0 tout Utilisateur ayant un acc\u00e8s \u00e0 Internet. Tous les frais support\u00e9s par l&rsquo;Utilisateur pour acc\u00e9der au service (mat\u00e9riel informatique, logiciels, connexion Internet, etc.) sont \u00e0 sa charge.<\/p><\/div><div><h1>\u00a0<\/h1><\/div><div><h1>ARTICLE 3: DATA COLLECTION<\/h1><\/div><div><h1>\u00a0<\/h1><\/div><div><p class=\"Paragraphe\">Le site assure \u00e0 l&rsquo;Utilisateur une collecte et un traitement d&rsquo;informations personnelles dans le respect de la vie priv\u00e9e conform\u00e9ment \u00e0 la loi n\u00b078-17 du 6 janvier 1978 relative \u00e0 l&rsquo;informatique, aux fichiers et aux libert\u00e9s.<\/p><\/div><div><p class=\"Paragraphe\">\u00a0<\/p><\/div><div><p class=\"Paragraphe\">\u00a0<\/p><\/div><div><p class=\"Paragraphe\">En vertu de la loi Informatique et Libert\u00e9s, en date du 6 janvier 1978, l&rsquo;Utilisateur dispose d&rsquo;un droit d&rsquo;acc\u00e8s, de rectification, de suppression et d&rsquo;opposition de ses donn\u00e9es personnelles. L&rsquo;Utilisateur exerce ce droit :<\/p><\/div><div><p class=\"Paragraphe\">\u00b7\u00a0\u00a0\u00a0\u00a0\u00a0\u00a0\u00a0\u00a0 par mail \u00e0 l&rsquo;adresse email ohmypoke01@gmail.com<\/p><\/div><div><h1>\u00a0<\/h1><\/div><div><h1>ARTICLE 4: INTELLECTUAL PROPERTY<\/h1><\/div><div><h1>\u00a0<\/h1><\/div><div><p class=\"Paragraphe\">Les marques, logos, signes ainsi que tous les contenus du site (textes, images, son\u2026) font l&rsquo;objet d&rsquo;une protection par le Code de la propri\u00e9t\u00e9 intellectuelle et plus particuli\u00e8rement par le droit d&rsquo;auteur.<\/p><\/div><div><p class=\"Paragraphe\">\u00a0<\/p><\/div><div><p class=\"Paragraphe\">L&rsquo;Utilisateur doit solliciter l&rsquo;autorisation pr\u00e9alable du site pour toute reproduction, publication, copie des diff\u00e9rents contenus. Il s&rsquo;engage \u00e0 une utilisation des contenus du site dans un cadre strictement priv\u00e9, toute utilisation \u00e0 des fins commerciales et publicitaires est strictement interdite.<\/p><\/div><div><p class=\"Paragraphe\">\u00a0<\/p><\/div><div><p class=\"Paragraphe\">Any total or partial representation of this website by any means whatsoever without the express authorisation of the website operator shall constitute an infringement punishable under article L 335-2 et seq of the French Intellectual Property Code.<\/p><\/div><div><p class=\"Paragraphe\">\u00a0<\/p><\/div><div><p class=\"Paragraphe\">In accordance with article L122-5 of the French Intellectual Property Code, Users who reproduce, copy or publish protected content must cite the author and source.<\/p><\/div><div><p class=\"Paragraphe\">\u00a0<\/p><\/div><div><h1>ARTICLE 5: LIABILITY<\/h1><\/div><div><h1>\u00a0<\/h1><\/div><div><p class=\"Paragraphe\">The sources of the information published on the https:\/\/www.mahanapoke.fr site are deemed reliable, but the site does not guarantee that it is free from defects, errors or omissions.<\/p><\/div><div><p class=\"Paragraphe\">\u00a0<\/p><\/div><div><p class=\"Paragraphe\">The information provided is for general guidance only and has no contractual value. Despite regular updates, the https:\/\/www.mahanapoke.fr website cannot be held responsible for any changes in administrative or legal provisions occurring after publication. Similarly, the site cannot be held responsible for the use and interpretation of the information contained on this site.<\/p><\/div><div><p class=\"Paragraphe\">The https:\/\/www.mahanapoke.fr website cannot be held responsible for any viruses that may infect the user's computer or hardware following use, access or downloading from this site.<\/p><\/div><div><p class=\"Paragraphe\">\u00a0<\/p><\/div><div><p class=\"Paragraphe\">La responsabilit\u00e9 du site ne peut \u00eatre engag\u00e9e en cas de force majeure ou du fait impr\u00e9visible et insurmontable d&rsquo;un tiers.<\/p><\/div><div><h1>\u00a0<\/h1><\/div><div><h1>ARTICLE 6: HYPERTEXT LINKS<\/h1><\/div><div><h1>\u00a0<\/h1><\/div><div><p class=\"Paragraphe\">Hypertext links may be present on the site. Users are informed that by clicking on these links, they will leave the https:\/\/www.mahanapoke.fr site. The latter has no control over the web pages to which these links lead and cannot, under any circumstances, be held responsible for their content.<\/p><\/div><div><h1>\u00a0<\/h1><\/div><div><h1>ARTICLE 7 : COOKIES<\/h1><\/div><div><h1>\u00a0<\/h1><\/div><div><p class=\"Paragraphe\">Users are informed that when they visit the site, a cookie may be automatically installed on their browser.<\/p><\/div><div><p class=\"Paragraphe\">\u00a0<\/p><\/div><div><p class=\"Paragraphe\">Cookies are small files stored temporarily on the hard disk of the User's computer by your browser and which are necessary for the use of the https:\/\/www.mahanapoke.fr website. Cookies do not contain any personal information and cannot be used to identify anyone. A cookie contains a unique identifier that is randomly generated and therefore anonymous. Some cookies expire at the end of the User's visit, others remain.<\/p><\/div><div><p class=\"Paragraphe\">\u00a0<\/p><\/div><div><p class=\"Paragraphe\">The information contained in cookies is used to improve the https:\/\/www.mahanapoke.fr website.<\/p><\/div><div><p class=\"Paragraphe\">\u00a0<\/p><\/div><div><p class=\"Paragraphe\">By browsing the site, the User accepts them.<\/p><\/div><div><p class=\"Paragraphe\">The User may deactivate these cookies using the settings in their browser software.<\/p><\/div><div><h1>\u00a0<\/h1><\/div><div><h1>ARTICLE 8: APPLICABLE LAW AND JURISDICTION<\/h1><\/div><div><h1>\u00a0<\/h1><\/div><div><p class=\"Paragraphe\">La l\u00e9gislation fran\u00e7aise s&rsquo;applique au pr\u00e9sent contrat. En cas d&rsquo;absence de r\u00e9solution amiable d&rsquo;un litige n\u00e9 entre les parties, les tribunaux fran\u00e7ais seront seuls comp\u00e9tents pour en conna\u00eetre.<\/p><\/div><div><p class=\"Paragraphe\">For any question relating to the application of these GTU, you may contact the publisher using the contact details given in ARTICLE 1.<\/p><\/div><div class=\"page\" title=\"Page 4\">\u00a0<\/div>\t\t\t\t\t\t\t\t<\/div>\n\t\t\t\t<\/div>\n\t\t\t\t\t<\/div>\n\t\t<\/div>\n\t\t\t\t\t<\/div>\n\t\t<\/section>\n\t\t\t\t<\/div>","protected":false},"excerpt":{"rendered":"<p>CONDITIONS G\u00c9N\u00c9RALES D&rsquo;UTILISATION \u00a0 En vigueur au 15\/10\/2022 \u00a0 \u00a0 Les pr\u00e9sentes conditions g\u00e9n\u00e9rales d&rsquo;utilisation (dites \u00ab CGU \u00bb) ont pour objet l&rsquo;encadrement juridique des modalit\u00e9s de mise \u00e0 disposition du site et des services par MAHANA POKE\u00a0 et de d\u00e9finir les conditions d\u2019acc\u00e8s et d\u2019utilisation des services par \u00ab l&rsquo;Utilisateur \u00bb. \u00a0 Les pr\u00e9sentes [&hellip;]<\/p>","protected":false},"author":1,"featured_media":0,"parent":0,"menu_order":0,"comment_status":"closed","ping_status":"closed","template":"","meta":{"ocean_post_layout":"","ocean_both_sidebars_style":"","ocean_both_sidebars_content_width":0,"ocean_both_sidebars_sidebars_width":0,"ocean_sidebar":"0","ocean_second_sidebar":"0","ocean_disable_margins":"enable","ocean_add_body_class":"","ocean_shortcode_before_top_bar":"","ocean_shortcode_after_top_bar":"","ocean_shortcode_before_header":"","ocean_shortcode_after_header":"","ocean_has_shortcode":"","ocean_shortcode_after_title":"","ocean_shortcode_before_footer_widgets":"","ocean_shortcode_after_footer_widgets":"","ocean_shortcode_before_footer_bottom":"","ocean_shortcode_after_footer_bottom":"","ocean_display_top_bar":"default","ocean_display_header":"default","ocean_header_style":"","ocean_center_header_left_menu":"0","ocean_custom_header_template":"0","ocean_custom_logo":0,"ocean_custom_retina_logo":0,"ocean_custom_logo_max_width":0,"ocean_custom_logo_tablet_max_width":0,"ocean_custom_logo_mobile_max_width":0,"ocean_custom_logo_max_height":0,"ocean_custom_logo_tablet_max_height":0,"ocean_custom_logo_mobile_max_height":0,"ocean_header_custom_menu":"0","ocean_menu_typo_font_family":"0","ocean_menu_typo_font_subset":"","ocean_menu_typo_font_size":0,"ocean_menu_typo_font_size_tablet":0,"ocean_menu_typo_font_size_mobile":0,"ocean_menu_typo_font_size_unit":"px","ocean_menu_typo_font_weight":"","ocean_menu_typo_font_weight_tablet":"","ocean_menu_typo_font_weight_mobile":"","ocean_menu_typo_transform":"","ocean_menu_typo_transform_tablet":"","ocean_menu_typo_transform_mobile":"","ocean_menu_typo_line_height":0,"ocean_menu_typo_line_height_tablet":0,"ocean_menu_typo_line_height_mobile":0,"ocean_menu_typo_line_height_unit":"","ocean_menu_typo_spacing":0,"ocean_menu_typo_spacing_tablet":0,"ocean_menu_typo_spacing_mobile":0,"ocean_menu_typo_spacing_unit":"","ocean_menu_link_color":"","ocean_menu_link_color_hover":"","ocean_menu_link_color_active":"","ocean_menu_link_background":"","ocean_menu_link_hover_background":"","ocean_menu_link_active_background":"","ocean_menu_social_links_bg":"","ocean_menu_social_hover_links_bg":"","ocean_menu_social_links_color":"","ocean_menu_social_hover_links_color":"","ocean_disable_title":"default","ocean_disable_heading":"default","ocean_post_title":"","ocean_post_subheading":"","ocean_post_title_style":"","ocean_post_title_background_color":"","ocean_post_title_background":0,"ocean_post_title_bg_image_position":"","ocean_post_title_bg_image_attachment":"","ocean_post_title_bg_image_repeat":"","ocean_post_title_bg_image_size":"","ocean_post_title_height":0,"ocean_post_title_bg_overlay":0.5,"ocean_post_title_bg_overlay_color":"","ocean_disable_breadcrumbs":"default","ocean_breadcrumbs_color":"","ocean_breadcrumbs_separator_color":"","ocean_breadcrumbs_links_color":"","ocean_breadcrumbs_links_hover_color":"","ocean_display_footer_widgets":"default","ocean_display_footer_bottom":"default","ocean_custom_footer_template":"0","footnotes":""},"class_list":["post-703","page","type-page","status-publish","hentry","entry"],"yoast_head":"<!-- This site is optimized with the Yoast SEO plugin v25.1 - https:\/\/yoast.com\/wordpress\/plugins\/seo\/ -->\n<title>Conditions G\u00e9n\u00e9rales d&#039;Utilisation -<\/title>\n<meta name=\"robots\" content=\"index, follow, max-snippet:-1, max-image-preview:large, max-video-preview:-1\" \/>\n<link rel=\"canonical\" href=\"https:\/\/www.mahanapoke.fr\/en\/cgv-cgu\/\" \/>\n<meta property=\"og:locale\" content=\"en_GB\" \/>\n<meta property=\"og:type\" content=\"article\" \/>\n<meta property=\"og:title\" content=\"Conditions G\u00e9n\u00e9rales d&#039;Utilisation -\" \/>\n<meta property=\"og:description\" content=\"CONDITIONS G\u00c9N\u00c9RALES D&rsquo;UTILISATION \u00a0 En vigueur au 15\/10\/2022 \u00a0 \u00a0 Les pr\u00e9sentes conditions g\u00e9n\u00e9rales d&rsquo;utilisation (dites \u00ab CGU \u00bb) ont pour objet l&rsquo;encadrement juridique des modalit\u00e9s de mise \u00e0 disposition du site et des services par MAHANA POKE\u00a0 et de d\u00e9finir les conditions d\u2019acc\u00e8s et d\u2019utilisation des services par \u00ab l&rsquo;Utilisateur \u00bb. \u00a0 Les pr\u00e9sentes [&hellip;]\" \/>\n<meta property=\"og:url\" content=\"https:\/\/www.mahanapoke.fr\/en\/cgv-cgu\/\" \/>\n<meta property=\"article:publisher\" content=\"https:\/\/www.facebook.com\/profile.php?id=100085425159428\" \/>\n<meta property=\"article:modified_time\" content=\"2024-12-10T17:57:34+00:00\" \/>\n<meta name=\"twitter:card\" content=\"summary_large_image\" \/>\n<meta name=\"twitter:label1\" content=\"Estimated reading time\" \/>\n\t<meta name=\"twitter:data1\" content=\"5 minutes\" \/>\n<script type=\"application\/ld+json\" class=\"yoast-schema-graph\">{\"@context\":\"https:\/\/schema.org\",\"@graph\":[{\"@type\":\"WebPage\",\"@id\":\"https:\/\/www.mahanapoke.fr\/cgv-cgu\/\",\"url\":\"https:\/\/www.mahanapoke.fr\/cgv-cgu\/\",\"name\":\"Conditions G\u00e9n\u00e9rales d'Utilisation -\",\"isPartOf\":{\"@id\":\"https:\/\/www.mahanapoke.fr\/#website\"},\"datePublished\":\"2023-11-11T20:03:48+00:00\",\"dateModified\":\"2024-12-10T17:57:34+00:00\",\"breadcrumb\":{\"@id\":\"https:\/\/www.mahanapoke.fr\/cgv-cgu\/#breadcrumb\"},\"inLanguage\":\"en-GB\",\"potentialAction\":[{\"@type\":\"ReadAction\",\"target\":[\"https:\/\/www.mahanapoke.fr\/cgv-cgu\/\"]}]},{\"@type\":\"BreadcrumbList\",\"@id\":\"https:\/\/www.mahanapoke.fr\/cgv-cgu\/#breadcrumb\",\"itemListElement\":[{\"@type\":\"ListItem\",\"position\":1,\"name\":\"Accueil\",\"item\":\"https:\/\/www.mahanapoke.fr\/\"},{\"@type\":\"ListItem\",\"position\":2,\"name\":\"Conditions G\u00e9n\u00e9rales d&rsquo;Utilisation\"}]},{\"@type\":\"WebSite\",\"@id\":\"https:\/\/www.mahanapoke.fr\/#website\",\"url\":\"https:\/\/www.mahanapoke.fr\/\",\"name\":\"Mahana Poke\",\"description\":\"\",\"publisher\":{\"@id\":\"https:\/\/www.mahanapoke.fr\/#organization\"},\"potentialAction\":[{\"@type\":\"SearchAction\",\"target\":{\"@type\":\"EntryPoint\",\"urlTemplate\":\"https:\/\/www.mahanapoke.fr\/?s={search_term_string}\"},\"query-input\":{\"@type\":\"PropertyValueSpecification\",\"valueRequired\":true,\"valueName\":\"search_term_string\"}}],\"inLanguage\":\"en-GB\"},{\"@type\":\"Organization\",\"@id\":\"https:\/\/www.mahanapoke.fr\/#organization\",\"name\":\"Mahana Poke\",\"url\":\"https:\/\/www.mahanapoke.fr\/\",\"logo\":{\"@type\":\"ImageObject\",\"inLanguage\":\"en-GB\",\"@id\":\"https:\/\/www.mahanapoke.fr\/#\/schema\/logo\/image\/\",\"url\":\"https:\/\/www.mahanapoke.fr\/wp-content\/uploads\/2025\/12\/logo-mahana.png\",\"contentUrl\":\"https:\/\/www.mahanapoke.fr\/wp-content\/uploads\/2025\/12\/logo-mahana.png\",\"width\":1968,\"height\":670,\"caption\":\"Mahana Poke\"},\"image\":{\"@id\":\"https:\/\/www.mahanapoke.fr\/#\/schema\/logo\/image\/\"},\"sameAs\":[\"https:\/\/www.facebook.com\/profile.php?id=100085425159428\"]}]}<\/script>\n<!-- \/ Yoast SEO plugin. -->","yoast_head_json":{"title":"Conditions G\u00e9n\u00e9rales d'Utilisation -","robots":{"index":"index","follow":"follow","max-snippet":"max-snippet:-1","max-image-preview":"max-image-preview:large","max-video-preview":"max-video-preview:-1"},"canonical":"https:\/\/www.mahanapoke.fr\/en\/cgv-cgu\/","og_locale":"en_GB","og_type":"article","og_title":"Conditions G\u00e9n\u00e9rales d'Utilisation -","og_description":"CONDITIONS G\u00c9N\u00c9RALES D&rsquo;UTILISATION \u00a0 En vigueur au 15\/10\/2022 \u00a0 \u00a0 Les pr\u00e9sentes conditions g\u00e9n\u00e9rales d&rsquo;utilisation (dites \u00ab CGU \u00bb) ont pour objet l&rsquo;encadrement juridique des modalit\u00e9s de mise \u00e0 disposition du site et des services par MAHANA POKE\u00a0 et de d\u00e9finir les conditions d\u2019acc\u00e8s et d\u2019utilisation des services par \u00ab l&rsquo;Utilisateur \u00bb. \u00a0 Les pr\u00e9sentes [&hellip;]","og_url":"https:\/\/www.mahanapoke.fr\/en\/cgv-cgu\/","article_publisher":"https:\/\/www.facebook.com\/profile.php?id=100085425159428","article_modified_time":"2024-12-10T17:57:34+00:00","twitter_card":"summary_large_image","twitter_misc":{"Estimated reading time":"5 minutes"},"schema":{"@context":"https:\/\/schema.org","@graph":[{"@type":"WebPage","@id":"https:\/\/www.mahanapoke.fr\/cgv-cgu\/","url":"https:\/\/www.mahanapoke.fr\/cgv-cgu\/","name":"Conditions G\u00e9n\u00e9rales d'Utilisation -","isPartOf":{"@id":"https:\/\/www.mahanapoke.fr\/#website"},"datePublished":"2023-11-11T20:03:48+00:00","dateModified":"2024-12-10T17:57:34+00:00","breadcrumb":{"@id":"https:\/\/www.mahanapoke.fr\/cgv-cgu\/#breadcrumb"},"inLanguage":"en-GB","potentialAction":[{"@type":"ReadAction","target":["https:\/\/www.mahanapoke.fr\/cgv-cgu\/"]}]},{"@type":"BreadcrumbList","@id":"https:\/\/www.mahanapoke.fr\/cgv-cgu\/#breadcrumb","itemListElement":[{"@type":"ListItem","position":1,"name":"Accueil","item":"https:\/\/www.mahanapoke.fr\/"},{"@type":"ListItem","position":2,"name":"Conditions G\u00e9n\u00e9rales d&rsquo;Utilisation"}]},{"@type":"WebSite","@id":"https:\/\/www.mahanapoke.fr\/#website","url":"https:\/\/www.mahanapoke.fr\/","name":"Mahana Poke","description":"","publisher":{"@id":"https:\/\/www.mahanapoke.fr\/#organization"},"potentialAction":[{"@type":"SearchAction","target":{"@type":"EntryPoint","urlTemplate":"https:\/\/www.mahanapoke.fr\/?s={search_term_string}"},"query-input":{"@type":"PropertyValueSpecification","valueRequired":true,"valueName":"search_term_string"}}],"inLanguage":"en-GB"},{"@type":"Organization","@id":"https:\/\/www.mahanapoke.fr\/#organization","name":"Mahana Poke","url":"https:\/\/www.mahanapoke.fr\/","logo":{"@type":"ImageObject","inLanguage":"en-GB","@id":"https:\/\/www.mahanapoke.fr\/#\/schema\/logo\/image\/","url":"https:\/\/www.mahanapoke.fr\/wp-content\/uploads\/2025\/12\/logo-mahana.png","contentUrl":"https:\/\/www.mahanapoke.fr\/wp-content\/uploads\/2025\/12\/logo-mahana.png","width":1968,"height":670,"caption":"Mahana Poke"},"image":{"@id":"https:\/\/www.mahanapoke.fr\/#\/schema\/logo\/image\/"},"sameAs":["https:\/\/www.facebook.com\/profile.php?id=100085425159428"]}]}},"_links":{"self":[{"href":"https:\/\/www.mahanapoke.fr\/en\/wp-json\/wp\/v2\/pages\/703","targetHints":{"allow":["GET"]}}],"collection":[{"href":"https:\/\/www.mahanapoke.fr\/en\/wp-json\/wp\/v2\/pages"}],"about":[{"href":"https:\/\/www.mahanapoke.fr\/en\/wp-json\/wp\/v2\/types\/page"}],"author":[{"embeddable":true,"href":"https:\/\/www.mahanapoke.fr\/en\/wp-json\/wp\/v2\/users\/1"}],"replies":[{"embeddable":true,"href":"https:\/\/www.mahanapoke.fr\/en\/wp-json\/wp\/v2\/comments?post=703"}],"version-history":[{"count":8,"href":"https:\/\/www.mahanapoke.fr\/en\/wp-json\/wp\/v2\/pages\/703\/revisions"}],"predecessor-version":[{"id":1609,"href":"https:\/\/www.mahanapoke.fr\/en\/wp-json\/wp\/v2\/pages\/703\/revisions\/1609"}],"wp:attachment":[{"href":"https:\/\/www.mahanapoke.fr\/en\/wp-json\/wp\/v2\/media?parent=703"}],"curies":[{"name":"wp","href":"https:\/\/api.w.org\/{rel}","templated":true}]}}