{"id":3004,"date":"2025-12-08T12:41:47","date_gmt":"2025-12-08T12:41:47","guid":{"rendered":"https:\/\/www.mahanapoke.fr\/?page_id=3004"},"modified":"2025-12-17T09:13:55","modified_gmt":"2025-12-17T09:13:55","slug":"merci","status":"publish","type":"page","link":"https:\/\/www.mahanapoke.fr\/en\/merci\/","title":{"rendered":"Merci"},"content":{"rendered":"<div data-elementor-type=\"wp-page\" data-elementor-id=\"3004\" class=\"elementor elementor-3004\" data-elementor-post-type=\"page\">\n\t\t\t\t<div class=\"elementor-element elementor-element-497b243 e-flex e-con-boxed e-con e-parent\" data-id=\"497b243\" data-element_type=\"container\" data-settings=\"{&quot;background_background&quot;:&quot;classic&quot;}\">\n\t\t\t\t\t<div class=\"e-con-inner\">\n\t\t\t\t<div class=\"elementor-element elementor-element-b8d0c57 elementor-widget elementor-widget-heading\" data-id=\"b8d0c57\" data-element_type=\"widget\" data-widget_type=\"heading.default\">\n\t\t\t\t<div class=\"elementor-widget-container\">\n\t\t\t\t\t<h2 class=\"elementor-heading-title elementor-size-default\">Ta demande pour devenir franchis\u00e9(e) Mahana Pok\u00e9 a bien \u00e9t\u00e9 envoy\u00e9e.\nMerci pour l\u2019int\u00e9r\u00eat que tu portes \u00e0 notre enseigne et \u00e0 notre univers.<br><br>\n\nNous allons \u00e9tudier ta candidature avec attention et nous te recontacterons tr\u00e8s bient\u00f4t pour \u00e9changer sur ton projet, tes motivations et les prochaines \u00e9tapes du processus.<br><br>\n\nEn attendant, n\u2019h\u00e9site pas \u00e0 parcourir notre site pour d\u00e9couvrir davantage l\u2019aventure Mahana Pok\u00e9.<br><br>\n\n\u00c0 tr\u00e8s vite pour la suite !\nL\u2019\u00e9quipe Mahana Pok\u00e9 \ud83c\udf3a\ud83c\udf4d<\/h2>\t\t\t\t<\/div>\n\t\t\t\t<\/div>\n\t\t\t\t\t<\/div>\n\t\t\t\t<\/div>\n\t\t<div class=\"elementor-element elementor-element-2161ad8 e-flex e-con-boxed e-con e-parent\" data-id=\"2161ad8\" data-element_type=\"container\" data-settings=\"{&quot;background_background&quot;:&quot;classic&quot;}\">\n\t\t\t\t\t<div class=\"e-con-inner\">\n\t\t\t\t<div class=\"elementor-element elementor-element-fdfafb0 elementor-align-center elementor-widget elementor-widget-button\" data-id=\"fdfafb0\" data-element_type=\"widget\" data-widget_type=\"button.default\">\n\t\t\t\t<div class=\"elementor-widget-container\">\n\t\t\t\t\t\t\t\t\t<div class=\"elementor-button-wrapper\">\n\t\t\t\t\t<a class=\"elementor-button elementor-button-link elementor-size-sm\" href=\"http:\/\/www.mahanapoke.fr\/en\/\">\n\t\t\t\t\t\t<span class=\"elementor-button-content-wrapper\">\n\t\t\t\t\t\t\t\t\t<span class=\"elementor-button-text\">Revenir \u00e0 l'accueil<\/span>\n\t\t\t\t\t<\/span>\n\t\t\t\t\t<\/a>\n\t\t\t\t<\/div>\n\t\t\t\t\t\t\t\t<\/div>\n\t\t\t\t<\/div>\n\t\t\t\t\t<\/div>\n\t\t\t\t<\/div>\n\t\t\t\t<\/div>","protected":false},"excerpt":{"rendered":"<p>Ta demande pour devenir franchis\u00e9(e) Mahana Pok\u00e9 a bien \u00e9t\u00e9 envoy\u00e9e. Merci pour l\u2019int\u00e9r\u00eat que tu portes \u00e0 notre enseigne et \u00e0 notre univers. Nous allons \u00e9tudier ta candidature avec attention et nous te recontacterons tr\u00e8s bient\u00f4t pour \u00e9changer sur ton projet, tes motivations et les prochaines \u00e9tapes du processus. En attendant, n\u2019h\u00e9site pas \u00e0 [&hellip;]<\/p>","protected":false},"author":1,"featured_media":0,"parent":0,"menu_order":0,"comment_status":"closed","ping_status":"closed","template":"","meta":{"ocean_post_layout":"","ocean_both_sidebars_style":"","ocean_both_sidebars_content_width":0,"ocean_both_sidebars_sidebars_width":0,"ocean_sidebar":"","ocean_second_sidebar":"","ocean_disable_margins":"enable","ocean_add_body_class":"","ocean_shortcode_before_top_bar":"","ocean_shortcode_after_top_bar":"","ocean_shortcode_before_header":"","ocean_shortcode_after_header":"","ocean_has_shortcode":"","ocean_shortcode_after_title":"","ocean_shortcode_before_footer_widgets":"","ocean_shortcode_after_footer_widgets":"","ocean_shortcode_before_footer_bottom":"","ocean_shortcode_after_footer_bottom":"","ocean_display_top_bar":"default","ocean_display_header":"default","ocean_header_style":"","ocean_center_header_left_menu":"","ocean_custom_header_template":"","ocean_custom_logo":0,"ocean_custom_retina_logo":0,"ocean_custom_logo_max_width":0,"ocean_custom_logo_tablet_max_width":0,"ocean_custom_logo_mobile_max_width":0,"ocean_custom_logo_max_height":0,"ocean_custom_logo_tablet_max_height":0,"ocean_custom_logo_mobile_max_height":0,"ocean_header_custom_menu":"","ocean_menu_typo_font_family":"","ocean_menu_typo_font_subset":"","ocean_menu_typo_font_size":0,"ocean_menu_typo_font_size_tablet":0,"ocean_menu_typo_font_size_mobile":0,"ocean_menu_typo_font_size_unit":"px","ocean_menu_typo_font_weight":"","ocean_menu_typo_font_weight_tablet":"","ocean_menu_typo_font_weight_mobile":"","ocean_menu_typo_transform":"","ocean_menu_typo_transform_tablet":"","ocean_menu_typo_transform_mobile":"","ocean_menu_typo_line_height":0,"ocean_menu_typo_line_height_tablet":0,"ocean_menu_typo_line_height_mobile":0,"ocean_menu_typo_line_height_unit":"","ocean_menu_typo_spacing":0,"ocean_menu_typo_spacing_tablet":0,"ocean_menu_typo_spacing_mobile":0,"ocean_menu_typo_spacing_unit":"","ocean_menu_link_color":"","ocean_menu_link_color_hover":"","ocean_menu_link_color_active":"","ocean_menu_link_background":"","ocean_menu_link_hover_background":"","ocean_menu_link_active_background":"","ocean_menu_social_links_bg":"","ocean_menu_social_hover_links_bg":"","ocean_menu_social_links_color":"","ocean_menu_social_hover_links_color":"","ocean_disable_title":"default","ocean_disable_heading":"default","ocean_post_title":"","ocean_post_subheading":"","ocean_post_title_style":"","ocean_post_title_background_color":"","ocean_post_title_background":0,"ocean_post_title_bg_image_position":"","ocean_post_title_bg_image_attachment":"","ocean_post_title_bg_image_repeat":"","ocean_post_title_bg_image_size":"","ocean_post_title_height":0,"ocean_post_title_bg_overlay":0.5,"ocean_post_title_bg_overlay_color":"","ocean_disable_breadcrumbs":"default","ocean_breadcrumbs_color":"","ocean_breadcrumbs_separator_color":"","ocean_breadcrumbs_links_color":"","ocean_breadcrumbs_links_hover_color":"","ocean_display_footer_widgets":"default","ocean_display_footer_bottom":"default","ocean_custom_footer_template":"","footnotes":""},"class_list":["post-3004","page","type-page","status-publish","hentry","entry"],"yoast_head":"<!-- This site is optimized with the Yoast SEO plugin v25.1 - https:\/\/yoast.com\/wordpress\/plugins\/seo\/ -->\n<title>Merci -<\/title>\n<meta name=\"robots\" content=\"noindex, nofollow\" \/>\n<meta property=\"og:locale\" content=\"en_GB\" \/>\n<meta property=\"og:type\" content=\"article\" \/>\n<meta property=\"og:title\" content=\"Merci -\" \/>\n<meta property=\"og:description\" content=\"Ta demande pour devenir franchis\u00e9(e) Mahana Pok\u00e9 a bien \u00e9t\u00e9 envoy\u00e9e. Merci pour l\u2019int\u00e9r\u00eat que tu portes \u00e0 notre enseigne et \u00e0 notre univers. Nous allons \u00e9tudier ta candidature avec attention et nous te recontacterons tr\u00e8s bient\u00f4t pour \u00e9changer sur ton projet, tes motivations et les prochaines \u00e9tapes du processus. En attendant, n\u2019h\u00e9site pas \u00e0 [&hellip;]\" \/>\n<meta property=\"og:url\" content=\"https:\/\/mahanapoke.fr\/devenir-franchise\/merci\/?type=lead-franchise\" \/>\n<meta property=\"article:publisher\" content=\"https:\/\/www.facebook.com\/profile.php?id=100085425159428\" \/>\n<meta property=\"article:modified_time\" content=\"2025-12-17T09:13:55+00:00\" \/>\n<meta name=\"twitter:card\" content=\"summary_large_image\" \/>\n<meta name=\"twitter:label1\" content=\"Estimated reading time\" \/>\n\t<meta name=\"twitter:data1\" content=\"1 minute\" \/>\n<script type=\"application\/ld+json\" class=\"yoast-schema-graph\">{\"@context\":\"https:\/\/schema.org\",\"@graph\":[{\"@type\":\"WebPage\",\"@id\":\"https:\/\/www.mahanapoke.fr\/merci\/\",\"url\":\"https:\/\/mahanapoke.fr\/devenir-franchise\/merci\/?type=lead-franchise\",\"name\":\"Merci -\",\"isPartOf\":{\"@id\":\"https:\/\/www.mahanapoke.fr\/#website\"},\"datePublished\":\"2025-12-08T12:41:47+00:00\",\"dateModified\":\"2025-12-17T09:13:55+00:00\",\"breadcrumb\":{\"@id\":\"https:\/\/mahanapoke.fr\/devenir-franchise\/merci\/?type=lead-franchise#breadcrumb\"},\"inLanguage\":\"en-GB\",\"potentialAction\":[{\"@type\":\"ReadAction\",\"target\":[\"https:\/\/mahanapoke.fr\/devenir-franchise\/merci\/?type=lead-franchise\"]}]},{\"@type\":\"BreadcrumbList\",\"@id\":\"https:\/\/mahanapoke.fr\/devenir-franchise\/merci\/?type=lead-franchise#breadcrumb\",\"itemListElement\":[{\"@type\":\"ListItem\",\"position\":1,\"name\":\"Accueil\",\"item\":\"https:\/\/www.mahanapoke.fr\/\"},{\"@type\":\"ListItem\",\"position\":2,\"name\":\"Merci\"}]},{\"@type\":\"WebSite\",\"@id\":\"https:\/\/www.mahanapoke.fr\/#website\",\"url\":\"https:\/\/www.mahanapoke.fr\/\",\"name\":\"Mahana Poke\",\"description\":\"\",\"publisher\":{\"@id\":\"https:\/\/www.mahanapoke.fr\/#organization\"},\"potentialAction\":[{\"@type\":\"SearchAction\",\"target\":{\"@type\":\"EntryPoint\",\"urlTemplate\":\"https:\/\/www.mahanapoke.fr\/?s={search_term_string}\"},\"query-input\":{\"@type\":\"PropertyValueSpecification\",\"valueRequired\":true,\"valueName\":\"search_term_string\"}}],\"inLanguage\":\"en-GB\"},{\"@type\":\"Organization\",\"@id\":\"https:\/\/www.mahanapoke.fr\/#organization\",\"name\":\"Mahana Poke\",\"url\":\"https:\/\/www.mahanapoke.fr\/\",\"logo\":{\"@type\":\"ImageObject\",\"inLanguage\":\"en-GB\",\"@id\":\"https:\/\/www.mahanapoke.fr\/#\/schema\/logo\/image\/\",\"url\":\"https:\/\/www.mahanapoke.fr\/wp-content\/uploads\/2025\/12\/logo-mahana.png\",\"contentUrl\":\"https:\/\/www.mahanapoke.fr\/wp-content\/uploads\/2025\/12\/logo-mahana.png\",\"width\":1968,\"height\":670,\"caption\":\"Mahana Poke\"},\"image\":{\"@id\":\"https:\/\/www.mahanapoke.fr\/#\/schema\/logo\/image\/\"},\"sameAs\":[\"https:\/\/www.facebook.com\/profile.php?id=100085425159428\"]}]}<\/script>\n<!-- \/ Yoast SEO plugin. -->","yoast_head_json":{"title":"Merci -","robots":{"index":"noindex","follow":"nofollow"},"og_locale":"en_GB","og_type":"article","og_title":"Merci -","og_description":"Ta demande pour devenir franchis\u00e9(e) Mahana Pok\u00e9 a bien \u00e9t\u00e9 envoy\u00e9e. Merci pour l\u2019int\u00e9r\u00eat que tu portes \u00e0 notre enseigne et \u00e0 notre univers. Nous allons \u00e9tudier ta candidature avec attention et nous te recontacterons tr\u00e8s bient\u00f4t pour \u00e9changer sur ton projet, tes motivations et les prochaines \u00e9tapes du processus. En attendant, n\u2019h\u00e9site pas \u00e0 [&hellip;]","og_url":"https:\/\/mahanapoke.fr\/devenir-franchise\/merci\/?type=lead-franchise","article_publisher":"https:\/\/www.facebook.com\/profile.php?id=100085425159428","article_modified_time":"2025-12-17T09:13:55+00:00","twitter_card":"summary_large_image","twitter_misc":{"Estimated reading time":"1 minute"},"schema":{"@context":"https:\/\/schema.org","@graph":[{"@type":"WebPage","@id":"https:\/\/www.mahanapoke.fr\/merci\/","url":"https:\/\/mahanapoke.fr\/devenir-franchise\/merci\/?type=lead-franchise","name":"Merci -","isPartOf":{"@id":"https:\/\/www.mahanapoke.fr\/#website"},"datePublished":"2025-12-08T12:41:47+00:00","dateModified":"2025-12-17T09:13:55+00:00","breadcrumb":{"@id":"https:\/\/mahanapoke.fr\/devenir-franchise\/merci\/?type=lead-franchise#breadcrumb"},"inLanguage":"en-GB","potentialAction":[{"@type":"ReadAction","target":["https:\/\/mahanapoke.fr\/devenir-franchise\/merci\/?type=lead-franchise"]}]},{"@type":"BreadcrumbList","@id":"https:\/\/mahanapoke.fr\/devenir-franchise\/merci\/?type=lead-franchise#breadcrumb","itemListElement":[{"@type":"ListItem","position":1,"name":"Accueil","item":"https:\/\/www.mahanapoke.fr\/"},{"@type":"ListItem","position":2,"name":"Merci"}]},{"@type":"WebSite","@id":"https:\/\/www.mahanapoke.fr\/#website","url":"https:\/\/www.mahanapoke.fr\/","name":"Mahana Poke","description":"","publisher":{"@id":"https:\/\/www.mahanapoke.fr\/#organization"},"potentialAction":[{"@type":"SearchAction","target":{"@type":"EntryPoint","urlTemplate":"https:\/\/www.mahanapoke.fr\/?s={search_term_string}"},"query-input":{"@type":"PropertyValueSpecification","valueRequired":true,"valueName":"search_term_string"}}],"inLanguage":"en-GB"},{"@type":"Organization","@id":"https:\/\/www.mahanapoke.fr\/#organization","name":"Mahana Poke","url":"https:\/\/www.mahanapoke.fr\/","logo":{"@type":"ImageObject","inLanguage":"en-GB","@id":"https:\/\/www.mahanapoke.fr\/#\/schema\/logo\/image\/","url":"https:\/\/www.mahanapoke.fr\/wp-content\/uploads\/2025\/12\/logo-mahana.png","contentUrl":"https:\/\/www.mahanapoke.fr\/wp-content\/uploads\/2025\/12\/logo-mahana.png","width":1968,"height":670,"caption":"Mahana Poke"},"image":{"@id":"https:\/\/www.mahanapoke.fr\/#\/schema\/logo\/image\/"},"sameAs":["https:\/\/www.facebook.com\/profile.php?id=100085425159428"]}]}},"_links":{"self":[{"href":"https:\/\/www.mahanapoke.fr\/en\/wp-json\/wp\/v2\/pages\/3004","targetHints":{"allow":["GET"]}}],"collection":[{"href":"https:\/\/www.mahanapoke.fr\/en\/wp-json\/wp\/v2\/pages"}],"about":[{"href":"https:\/\/www.mahanapoke.fr\/en\/wp-json\/wp\/v2\/types\/page"}],"author":[{"embeddable":true,"href":"https:\/\/www.mahanapoke.fr\/en\/wp-json\/wp\/v2\/users\/1"}],"replies":[{"embeddable":true,"href":"https:\/\/www.mahanapoke.fr\/en\/wp-json\/wp\/v2\/comments?post=3004"}],"version-history":[{"count":17,"href":"https:\/\/www.mahanapoke.fr\/en\/wp-json\/wp\/v2\/pages\/3004\/revisions"}],"predecessor-version":[{"id":3050,"href":"https:\/\/www.mahanapoke.fr\/en\/wp-json\/wp\/v2\/pages\/3004\/revisions\/3050"}],"wp:attachment":[{"href":"https:\/\/www.mahanapoke.fr\/en\/wp-json\/wp\/v2\/media?parent=3004"}],"curies":[{"name":"wp","href":"https:\/\/api.w.org\/{rel}","templated":true}]}}